{"id":50,"date":"2024-07-07T10:16:47","date_gmt":"2024-07-07T08:16:47","guid":{"rendered":"https:\/\/edouardcarrion.fr\/?page_id=50"},"modified":"2024-07-11T07:58:14","modified_gmt":"2024-07-11T05:58:14","slug":"la-promesse-de-laidant","status":"publish","type":"page","link":"https:\/\/edouardcarrion.fr\/index.php\/la-promesse-de-laidant\/","title":{"rendered":"La promesse de l\u2019aidant"},"content":{"rendered":"\n<div class=\"wp-block-group alignfull has-accent-2-background-color has-background has-global-padding is-layout-constrained wp-container-core-group-is-layout-669513ed wp-block-group-is-layout-constrained\" style=\"margin-top:0;margin-bottom:0;padding-top:var(--wp--preset--spacing--50);padding-right:var(--wp--preset--spacing--50);padding-bottom:var(--wp--preset--spacing--50);padding-left:var(--wp--preset--spacing--50)\">\n<div class=\"wp-block-media-text alignwide is-stacked-on-mobile\"><figure class=\"wp-block-media-text__media\"><img loading=\"lazy\" decoding=\"async\" width=\"1024\" height=\"768\" src=\"http:\/\/edouardcarrion.fr\/wp-content\/uploads\/2024\/07\/Photo-de-fond-2-La-promesse-de-laidant-1024x768.jpg\" alt=\"\" class=\"wp-image-75 size-full\" srcset=\"https:\/\/edouardcarrion.fr\/wp-content\/uploads\/2024\/07\/Photo-de-fond-2-La-promesse-de-laidant-1024x768.jpg 1024w, https:\/\/edouardcarrion.fr\/wp-content\/uploads\/2024\/07\/Photo-de-fond-2-La-promesse-de-laidant-300x225.jpg 300w, https:\/\/edouardcarrion.fr\/wp-content\/uploads\/2024\/07\/Photo-de-fond-2-La-promesse-de-laidant-768x576.jpg 768w, https:\/\/edouardcarrion.fr\/wp-content\/uploads\/2024\/07\/Photo-de-fond-2-La-promesse-de-laidant-1536x1152.jpg 1536w, https:\/\/edouardcarrion.fr\/wp-content\/uploads\/2024\/07\/Photo-de-fond-2-La-promesse-de-laidant-2048x1536.jpg 2048w\" sizes=\"auto, (max-width: 1024px) 100vw, 1024px\" \/><\/figure><div class=\"wp-block-media-text__content\">\n<p class=\"has-heading-font-family\" style=\"font-size:clamp(0.875rem, 0.875rem + ((1vw - 0.2rem) * 0.708), 1.3rem);line-height:1.2\">Le groupe Malakoff Humanis, int\u00e9ress\u00e9 par l\u2019impact du film \u00ab&nbsp;Un jour, tu vieilliras\u2026&nbsp;\u00bb en termes de pr\u00e9vention, me propose en 2020 un nouveau projet de film sur les aidants familiaux.<\/p>\n\n\n\n<p class=\"has-heading-font-family\" style=\"font-size:clamp(0.875rem, 0.875rem + ((1vw - 0.2rem) * 0.708), 1.3rem);line-height:1.2\">En France, il y aurait entre 9 et 11 millions d\u2019aidants&nbsp;; parmi eux, certains s\u2019investissent tellement aupr\u00e8s de leurs proches qu\u2019ils finissent par se mettre en danger. <\/p>\n\n\n\n<p class=\"has-heading-font-family\" style=\"font-size:clamp(0.875rem, 0.875rem + ((1vw - 0.2rem) * 0.708), 1.3rem);line-height:1.2\"><strong>Le but du film est de faire prendre conscience aux aidants familiaux de la n\u00e9cessit\u00e9 d\u2019\u00e9couter leurs propres besoins et de se faire aider avant de s\u2019\u00e9puiser<\/strong>.<\/p>\n<\/div><\/div>\n<\/div>\n\n\n\n<div class=\"wp-block-cover alignfull is-light has-custom-content-position is-position-top-left\" style=\"margin-top:0px;margin-bottom:0px;padding-top:var(--wp--preset--spacing--50);padding-right:var(--wp--preset--spacing--50);padding-bottom:var(--wp--preset--spacing--50);padding-left:var(--wp--preset--spacing--50)\"><span aria-hidden=\"true\" class=\"wp-block-cover__background has-base-background-color has-background-dim-0 has-background-dim\"><\/span><img loading=\"lazy\" decoding=\"async\" width=\"2560\" height=\"1810\" class=\"wp-block-cover__image-background wp-image-169\" alt=\"\" src=\"http:\/\/edouardcarrion.fr\/wp-content\/uploads\/2024\/07\/DSC08962-scaled.jpg\" style=\"object-position:50% 25%\" data-object-fit=\"cover\" data-object-position=\"50% 25%\" srcset=\"https:\/\/edouardcarrion.fr\/wp-content\/uploads\/2024\/07\/DSC08962-scaled.jpg 2560w, https:\/\/edouardcarrion.fr\/wp-content\/uploads\/2024\/07\/DSC08962-300x212.jpg 300w\" sizes=\"auto, (max-width: 2560px) 100vw, 2560px\" \/><div class=\"wp-block-cover__inner-container has-global-padding is-layout-constrained wp-container-core-cover-is-layout-fbaf42d7 wp-block-cover-is-layout-constrained\">\n<div style=\"height:500px\" aria-hidden=\"true\" class=\"wp-block-spacer\"><\/div>\n<\/div><\/div>\n\n\n\n<div class=\"wp-block-group alignfull has-global-padding is-layout-constrained wp-container-core-group-is-layout-669513ed wp-block-group-is-layout-constrained\" style=\"margin-top:0;margin-bottom:0;padding-top:var(--wp--preset--spacing--50);padding-right:var(--wp--preset--spacing--50);padding-bottom:var(--wp--preset--spacing--50);padding-left:var(--wp--preset--spacing--50)\">\n<div class=\"wp-block-media-text alignwide has-media-on-the-right is-stacked-on-mobile\" style=\"grid-template-columns:auto 36%\"><div class=\"wp-block-media-text__content\">\n<p class=\"has-heading-font-family\" style=\"font-size:clamp(1.146rem, 1.146rem + ((1vw - 0.2rem) * 1.09), 1.8rem);line-height:1.2\">En m\u2019appuyant sur le parcours de nombreux aidants et aid\u00e9s, je r\u00e9dige le sc\u00e9nario de \u00ab&nbsp;La promesse de l\u2019aidant&nbsp;\u00bb qui est tourn\u00e9 \u00e0 Saint-Malo en 2021.<\/p>\n\n\n\n<p class=\"has-heading-font-family\" style=\"font-size:clamp(0.984rem, 0.984rem + ((1vw - 0.2rem) * 0.86), 1.5rem);line-height:1.2\">Depuis l\u2019automne 2022, ce long-m\u00e9trage de fiction est diffus\u00e9 partout en France sous forme de projections-d\u00e9bat. <\/p>\n\n\n\n<p class=\"has-heading-font-family\" style=\"font-size:clamp(0.984rem, 0.984rem + ((1vw - 0.2rem) * 0.86), 1.5rem);line-height:1.2\">Il constitue un outil pour toucher les aidants familiaux et permettre aux professionnels de pr\u00e9senter les dispositifs existant sur le territoire pour les accompagner et les soulager avant d\u2019en arriver \u00e0 une situation d\u2019urgence.<\/p>\n<\/div><figure class=\"wp-block-media-text__media\"><img loading=\"lazy\" decoding=\"async\" width=\"683\" height=\"1024\" src=\"http:\/\/edouardcarrion.fr\/wp-content\/uploads\/2024\/07\/Affiche-_la-promesse-de-laidant_40x60-cm-Edouard-CARRION-683x1024.jpg\" alt=\"\" class=\"wp-image-54 size-full\" srcset=\"https:\/\/edouardcarrion.fr\/wp-content\/uploads\/2024\/07\/Affiche-_la-promesse-de-laidant_40x60-cm-Edouard-CARRION-683x1024.jpg 683w, https:\/\/edouardcarrion.fr\/wp-content\/uploads\/2024\/07\/Affiche-_la-promesse-de-laidant_40x60-cm-Edouard-CARRION-200x300.jpg 200w, https:\/\/edouardcarrion.fr\/wp-content\/uploads\/2024\/07\/Affiche-_la-promesse-de-laidant_40x60-cm-Edouard-CARRION-768x1152.jpg 768w, https:\/\/edouardcarrion.fr\/wp-content\/uploads\/2024\/07\/Affiche-_la-promesse-de-laidant_40x60-cm-Edouard-CARRION-1024x1536.jpg 1024w, https:\/\/edouardcarrion.fr\/wp-content\/uploads\/2024\/07\/Affiche-_la-promesse-de-laidant_40x60-cm-Edouard-CARRION-scaled.jpg 1707w\" sizes=\"auto, (max-width: 683px) 100vw, 683px\" \/><\/figure><\/div>\n<\/div>\n\n\n\n<div class=\"wp-block-group alignfull has-base-2-color has-contrast-background-color has-text-color has-background has-link-color wp-elements-bd92a5e6d6fceb04ac50c4d4eba086b2 has-global-padding is-layout-constrained wp-container-core-group-is-layout-facafb6f wp-block-group-is-layout-constrained\" style=\"margin-top:0;margin-bottom:0;padding-top:var(--wp--preset--spacing--50);padding-right:var(--wp--preset--spacing--50);padding-bottom:var(--wp--preset--spacing--50);padding-left:var(--wp--preset--spacing--50)\">\n<figure class=\"wp-block-embed alignwide is-type-video is-provider-vimeo wp-block-embed-vimeo wp-embed-aspect-16-9 wp-has-aspect-ratio\"><div class=\"wp-block-embed__wrapper\">\n<iframe loading=\"lazy\" title=\"Bande annonce La promesse de l&#039;aidant\" src=\"https:\/\/player.vimeo.com\/video\/722114564?dnt=1&amp;app_id=122963\" width=\"500\" height=\"281\" frameborder=\"0\" allow=\"autoplay; fullscreen; picture-in-picture; clipboard-write\"><\/iframe>\n<\/div><\/figure>\n<\/div>\n\n\n\n<div class=\"wp-block-group has-global-padding is-layout-constrained wp-block-group-is-layout-constrained\" style=\"margin-top:0px;margin-bottom:0px;padding-top:var(--wp--preset--spacing--40);padding-bottom:var(--wp--preset--spacing--40)\">\n<h2 class=\"wp-block-heading has-text-align-center\"><strong>Synopsis<\/strong><\/h2>\n\n\n\n<p class=\"has-text-align-center has-heading-font-family\" style=\"font-size:clamp(0.875rem, 0.875rem + ((1vw - 0.2rem) * 0.708), 1.3rem);\">Lorsqu\u2019Antoine apprend que sa femme, S\u00e9verine, doit dor\u00e9navant se d\u00e9placer en fauteuil roulant \u00e0 cause d\u2019une maladie chronique, il pense tout pouvoir g\u00e9rer \u00e0 la maison. Mais ce r\u00f4le d\u2019aidant cr\u00e9e des tensions dans le couple et met Antoine en difficult\u00e9 au travail.<\/p>\n\n\n\n<p class=\"has-text-align-center has-heading-font-family\" style=\"font-size:clamp(0.875rem, 0.875rem + ((1vw - 0.2rem) * 0.708), 1.3rem);\">Apr\u00e8s une longue hospitalisation, Annie, une dame \u00e2g\u00e9e, demande \u00e0 retourner vivre chez elle, mais sa fille Estelle a tendance \u00e0 l\u2019infantiliser. Gr\u00e2ce \u00e0 la bienveillance d\u2019une voisine, Annie va comprendre que si elle veut rester le plus longtemps possible chez elle, elle doit rassurer sa fille, et retrouver une relation d\u2019adulte \u00e0 adulte.<\/p>\n<\/div>\n\n\n\n<div class=\"wp-block-cover alignfull is-light has-parallax\" style=\"margin-top:0px;margin-bottom:0px;padding-top:var(--wp--preset--spacing--50);padding-right:var(--wp--preset--spacing--50);padding-bottom:var(--wp--preset--spacing--50);padding-left:var(--wp--preset--spacing--50);min-height:100vh;aspect-ratio:unset;\"><span aria-hidden=\"true\" class=\"wp-block-cover__background has-base-background-color has-background-dim-0 has-background-dim\"><\/span><div class=\"wp-block-cover__image-background wp-image-129 has-parallax\" style=\"background-position:50% 50%;background-image:url(http:\/\/edouardcarrion.fr\/wp-content\/uploads\/2024\/07\/Cafe-des-aidants-scaled.jpg)\"><\/div><div class=\"wp-block-cover__inner-container has-global-padding is-layout-constrained wp-container-core-cover-is-layout-fbaf42d7 wp-block-cover-is-layout-constrained\">\n<div style=\"height:500px\" aria-hidden=\"true\" class=\"wp-block-spacer\"><\/div>\n<\/div><\/div>\n","protected":false},"excerpt":{"rendered":"<p>Le groupe Malakoff Humanis, int\u00e9ress\u00e9 par l\u2019impact du film \u00ab&nbsp;Un jour, tu vieilliras\u2026&nbsp;\u00bb en termes de pr\u00e9vention, me propose en 2020 un nouveau projet de film sur les aidants familiaux. En France, il y aurait entre 9 et 11 millions d\u2019aidants&nbsp;; parmi eux, certains s\u2019investissent tellement aupr\u00e8s de leurs proches qu\u2019ils finissent par se mettre [&hellip;]<\/p>\n","protected":false},"author":1,"featured_media":0,"parent":0,"menu_order":0,"comment_status":"closed","ping_status":"closed","template":"","meta":{"footnotes":""},"class_list":["post-50","page","type-page","status-publish","hentry"],"yoast_head":"<!-- This site is optimized with the Yoast SEO plugin v26.7 - https:\/\/yoast.com\/wordpress\/plugins\/seo\/ -->\n<title>La promesse de l\u2019aidant - Edouard Carrion<\/title>\n<meta name=\"robots\" content=\"index, follow, max-snippet:-1, max-image-preview:large, max-video-preview:-1\" \/>\n<link rel=\"canonical\" href=\"https:\/\/edouardcarrion.fr\/index.php\/la-promesse-de-laidant\/\" \/>\n<meta property=\"og:locale\" content=\"fr_FR\" \/>\n<meta property=\"og:type\" content=\"article\" \/>\n<meta property=\"og:title\" content=\"La promesse de l\u2019aidant - Edouard Carrion\" \/>\n<meta property=\"og:description\" content=\"Le groupe Malakoff Humanis, int\u00e9ress\u00e9 par l\u2019impact du film \u00ab&nbsp;Un jour, tu vieilliras\u2026&nbsp;\u00bb en termes de pr\u00e9vention, me propose en 2020 un nouveau projet de film sur les aidants familiaux. En France, il y aurait entre 9 et 11 millions d\u2019aidants&nbsp;; parmi eux, certains s\u2019investissent tellement aupr\u00e8s de leurs proches qu\u2019ils finissent par se mettre [&hellip;]\" \/>\n<meta property=\"og:url\" content=\"https:\/\/edouardcarrion.fr\/index.php\/la-promesse-de-laidant\/\" \/>\n<meta property=\"og:site_name\" content=\"Edouard Carrion\" \/>\n<meta property=\"article:modified_time\" content=\"2024-07-11T05:58:14+00:00\" \/>\n<meta property=\"og:image\" content=\"https:\/\/edouardcarrion.fr\/wp-content\/uploads\/2024\/07\/Photo-de-fond-2-La-promesse-de-laidant-scaled.jpg\" \/>\n\t<meta property=\"og:image:width\" content=\"2560\" \/>\n\t<meta property=\"og:image:height\" content=\"1920\" \/>\n\t<meta property=\"og:image:type\" content=\"image\/jpeg\" \/>\n<meta name=\"twitter:card\" content=\"summary_large_image\" \/>\n<meta name=\"twitter:label1\" content=\"Dur\u00e9e de lecture estim\u00e9e\" \/>\n\t<meta name=\"twitter:data1\" content=\"1 minute\" \/>\n<script type=\"application\/ld+json\" class=\"yoast-schema-graph\">{\"@context\":\"https:\/\/schema.org\",\"@graph\":[{\"@type\":\"WebPage\",\"@id\":\"https:\/\/edouardcarrion.fr\/index.php\/la-promesse-de-laidant\/\",\"url\":\"https:\/\/edouardcarrion.fr\/index.php\/la-promesse-de-laidant\/\",\"name\":\"La promesse de l\u2019aidant - Edouard Carrion\",\"isPartOf\":{\"@id\":\"https:\/\/edouardcarrion.fr\/#website\"},\"primaryImageOfPage\":{\"@id\":\"https:\/\/edouardcarrion.fr\/index.php\/la-promesse-de-laidant\/#primaryimage\"},\"image\":{\"@id\":\"https:\/\/edouardcarrion.fr\/index.php\/la-promesse-de-laidant\/#primaryimage\"},\"thumbnailUrl\":\"http:\/\/edouardcarrion.fr\/wp-content\/uploads\/2024\/07\/Photo-de-fond-2-La-promesse-de-laidant-1024x768.jpg\",\"datePublished\":\"2024-07-07T08:16:47+00:00\",\"dateModified\":\"2024-07-11T05:58:14+00:00\",\"breadcrumb\":{\"@id\":\"https:\/\/edouardcarrion.fr\/index.php\/la-promesse-de-laidant\/#breadcrumb\"},\"inLanguage\":\"fr-FR\",\"potentialAction\":[{\"@type\":\"ReadAction\",\"target\":[\"https:\/\/edouardcarrion.fr\/index.php\/la-promesse-de-laidant\/\"]}]},{\"@type\":\"ImageObject\",\"inLanguage\":\"fr-FR\",\"@id\":\"https:\/\/edouardcarrion.fr\/index.php\/la-promesse-de-laidant\/#primaryimage\",\"url\":\"https:\/\/edouardcarrion.fr\/wp-content\/uploads\/2024\/07\/Photo-de-fond-2-La-promesse-de-laidant-scaled.jpg\",\"contentUrl\":\"https:\/\/edouardcarrion.fr\/wp-content\/uploads\/2024\/07\/Photo-de-fond-2-La-promesse-de-laidant-scaled.jpg\",\"width\":2560,\"height\":1920},{\"@type\":\"BreadcrumbList\",\"@id\":\"https:\/\/edouardcarrion.fr\/index.php\/la-promesse-de-laidant\/#breadcrumb\",\"itemListElement\":[{\"@type\":\"ListItem\",\"position\":1,\"name\":\"Accueil\",\"item\":\"https:\/\/edouardcarrion.fr\/\"},{\"@type\":\"ListItem\",\"position\":2,\"name\":\"La promesse de l\u2019aidant\"}]},{\"@type\":\"WebSite\",\"@id\":\"https:\/\/edouardcarrion.fr\/#website\",\"url\":\"https:\/\/edouardcarrion.fr\/\",\"name\":\"Edouard Carrion\",\"description\":\"Sc\u00e9nariste R\u00e9alisateur\",\"publisher\":{\"@id\":\"https:\/\/edouardcarrion.fr\/#\/schema\/person\/04ed4b72fc84379a4e86ff6f564c0ead\"},\"potentialAction\":[{\"@type\":\"SearchAction\",\"target\":{\"@type\":\"EntryPoint\",\"urlTemplate\":\"https:\/\/edouardcarrion.fr\/?s={search_term_string}\"},\"query-input\":{\"@type\":\"PropertyValueSpecification\",\"valueRequired\":true,\"valueName\":\"search_term_string\"}}],\"inLanguage\":\"fr-FR\"},{\"@type\":[\"Person\",\"Organization\"],\"@id\":\"https:\/\/edouardcarrion.fr\/#\/schema\/person\/04ed4b72fc84379a4e86ff6f564c0ead\",\"name\":\"admin7507\",\"image\":{\"@type\":\"ImageObject\",\"inLanguage\":\"fr-FR\",\"@id\":\"https:\/\/edouardcarrion.fr\/#\/schema\/person\/image\/\",\"url\":\"https:\/\/edouardcarrion.fr\/wp-content\/uploads\/2024\/07\/Photo-Edouard-edited.jpg\",\"contentUrl\":\"https:\/\/edouardcarrion.fr\/wp-content\/uploads\/2024\/07\/Photo-Edouard-edited.jpg\",\"width\":1549,\"height\":1549,\"caption\":\"admin7507\"},\"logo\":{\"@id\":\"https:\/\/edouardcarrion.fr\/#\/schema\/person\/image\/\"},\"sameAs\":[\"http:\/\/edouardcarrion.fr\"]}]}<\/script>\n<!-- \/ Yoast SEO plugin. -->","yoast_head_json":{"title":"La promesse de l\u2019aidant - Edouard Carrion","robots":{"index":"index","follow":"follow","max-snippet":"max-snippet:-1","max-image-preview":"max-image-preview:large","max-video-preview":"max-video-preview:-1"},"canonical":"https:\/\/edouardcarrion.fr\/index.php\/la-promesse-de-laidant\/","og_locale":"fr_FR","og_type":"article","og_title":"La promesse de l\u2019aidant - Edouard Carrion","og_description":"Le groupe Malakoff Humanis, int\u00e9ress\u00e9 par l\u2019impact du film \u00ab&nbsp;Un jour, tu vieilliras\u2026&nbsp;\u00bb en termes de pr\u00e9vention, me propose en 2020 un nouveau projet de film sur les aidants familiaux. En France, il y aurait entre 9 et 11 millions d\u2019aidants&nbsp;; parmi eux, certains s\u2019investissent tellement aupr\u00e8s de leurs proches qu\u2019ils finissent par se mettre [&hellip;]","og_url":"https:\/\/edouardcarrion.fr\/index.php\/la-promesse-de-laidant\/","og_site_name":"Edouard Carrion","article_modified_time":"2024-07-11T05:58:14+00:00","og_image":[{"width":2560,"height":1920,"url":"https:\/\/edouardcarrion.fr\/wp-content\/uploads\/2024\/07\/Photo-de-fond-2-La-promesse-de-laidant-scaled.jpg","type":"image\/jpeg"}],"twitter_card":"summary_large_image","twitter_misc":{"Dur\u00e9e de lecture estim\u00e9e":"1 minute"},"schema":{"@context":"https:\/\/schema.org","@graph":[{"@type":"WebPage","@id":"https:\/\/edouardcarrion.fr\/index.php\/la-promesse-de-laidant\/","url":"https:\/\/edouardcarrion.fr\/index.php\/la-promesse-de-laidant\/","name":"La promesse de l\u2019aidant - Edouard Carrion","isPartOf":{"@id":"https:\/\/edouardcarrion.fr\/#website"},"primaryImageOfPage":{"@id":"https:\/\/edouardcarrion.fr\/index.php\/la-promesse-de-laidant\/#primaryimage"},"image":{"@id":"https:\/\/edouardcarrion.fr\/index.php\/la-promesse-de-laidant\/#primaryimage"},"thumbnailUrl":"http:\/\/edouardcarrion.fr\/wp-content\/uploads\/2024\/07\/Photo-de-fond-2-La-promesse-de-laidant-1024x768.jpg","datePublished":"2024-07-07T08:16:47+00:00","dateModified":"2024-07-11T05:58:14+00:00","breadcrumb":{"@id":"https:\/\/edouardcarrion.fr\/index.php\/la-promesse-de-laidant\/#breadcrumb"},"inLanguage":"fr-FR","potentialAction":[{"@type":"ReadAction","target":["https:\/\/edouardcarrion.fr\/index.php\/la-promesse-de-laidant\/"]}]},{"@type":"ImageObject","inLanguage":"fr-FR","@id":"https:\/\/edouardcarrion.fr\/index.php\/la-promesse-de-laidant\/#primaryimage","url":"https:\/\/edouardcarrion.fr\/wp-content\/uploads\/2024\/07\/Photo-de-fond-2-La-promesse-de-laidant-scaled.jpg","contentUrl":"https:\/\/edouardcarrion.fr\/wp-content\/uploads\/2024\/07\/Photo-de-fond-2-La-promesse-de-laidant-scaled.jpg","width":2560,"height":1920},{"@type":"BreadcrumbList","@id":"https:\/\/edouardcarrion.fr\/index.php\/la-promesse-de-laidant\/#breadcrumb","itemListElement":[{"@type":"ListItem","position":1,"name":"Accueil","item":"https:\/\/edouardcarrion.fr\/"},{"@type":"ListItem","position":2,"name":"La promesse de l\u2019aidant"}]},{"@type":"WebSite","@id":"https:\/\/edouardcarrion.fr\/#website","url":"https:\/\/edouardcarrion.fr\/","name":"Edouard Carrion","description":"Sc\u00e9nariste R\u00e9alisateur","publisher":{"@id":"https:\/\/edouardcarrion.fr\/#\/schema\/person\/04ed4b72fc84379a4e86ff6f564c0ead"},"potentialAction":[{"@type":"SearchAction","target":{"@type":"EntryPoint","urlTemplate":"https:\/\/edouardcarrion.fr\/?s={search_term_string}"},"query-input":{"@type":"PropertyValueSpecification","valueRequired":true,"valueName":"search_term_string"}}],"inLanguage":"fr-FR"},{"@type":["Person","Organization"],"@id":"https:\/\/edouardcarrion.fr\/#\/schema\/person\/04ed4b72fc84379a4e86ff6f564c0ead","name":"admin7507","image":{"@type":"ImageObject","inLanguage":"fr-FR","@id":"https:\/\/edouardcarrion.fr\/#\/schema\/person\/image\/","url":"https:\/\/edouardcarrion.fr\/wp-content\/uploads\/2024\/07\/Photo-Edouard-edited.jpg","contentUrl":"https:\/\/edouardcarrion.fr\/wp-content\/uploads\/2024\/07\/Photo-Edouard-edited.jpg","width":1549,"height":1549,"caption":"admin7507"},"logo":{"@id":"https:\/\/edouardcarrion.fr\/#\/schema\/person\/image\/"},"sameAs":["http:\/\/edouardcarrion.fr"]}]}},"_links":{"self":[{"href":"https:\/\/edouardcarrion.fr\/index.php\/wp-json\/wp\/v2\/pages\/50","targetHints":{"allow":["GET"]}}],"collection":[{"href":"https:\/\/edouardcarrion.fr\/index.php\/wp-json\/wp\/v2\/pages"}],"about":[{"href":"https:\/\/edouardcarrion.fr\/index.php\/wp-json\/wp\/v2\/types\/page"}],"author":[{"embeddable":true,"href":"https:\/\/edouardcarrion.fr\/index.php\/wp-json\/wp\/v2\/users\/1"}],"replies":[{"embeddable":true,"href":"https:\/\/edouardcarrion.fr\/index.php\/wp-json\/wp\/v2\/comments?post=50"}],"version-history":[{"count":26,"href":"https:\/\/edouardcarrion.fr\/index.php\/wp-json\/wp\/v2\/pages\/50\/revisions"}],"predecessor-version":[{"id":172,"href":"https:\/\/edouardcarrion.fr\/index.php\/wp-json\/wp\/v2\/pages\/50\/revisions\/172"}],"wp:attachment":[{"href":"https:\/\/edouardcarrion.fr\/index.php\/wp-json\/wp\/v2\/media?parent=50"}],"curies":[{"name":"wp","href":"https:\/\/api.w.org\/{rel}","templated":true}]}}